{"id":744,"date":"2015-12-14T01:58:37","date_gmt":"2015-12-14T01:58:37","guid":{"rendered":"http:\/\/wp.nootheme.com\/organici\/dummy\/?page_id=744"},"modified":"2024-07-25T11:34:28","modified_gmt":"2024-07-25T16:34:28","slug":"pollo-organico-bogota","status":"publish","type":"page","link":"https:\/\/dismajo.com.co\/pollo-cerdo-res\/pollo-organico-bogota\/","title":{"rendered":"Por qu\u00e9 DISMAJO"},"content":{"rendered":"\t\t<div data-elementor-type=\"wp-page\" data-elementor-id=\"744\" class=\"elementor elementor-744\" data-elementor-post-type=\"page\">\n\t\t\t\t<div class=\"elementor-element elementor-element-b7e0882 e-flex e-con-boxed e-con e-parent\" data-id=\"b7e0882\" data-element_type=\"container\" data-e-type=\"container\">\n\t\t\t\t\t<div class=\"e-con-inner\">\n\t\t\t\t<div class=\"elementor-element elementor-element-6dee361a elementor-widget elementor-widget-text-editor\" data-id=\"6dee361a\" data-element_type=\"widget\" data-e-type=\"widget\" data-widget_type=\"text-editor.default\">\n\t\t\t\t<div class=\"elementor-widget-container\">\n\t\t\t\t\t\t\t\t\t<h2 style=\"text-align: center;\"><strong>Por qu\u00e9 DISMAJO<\/strong><\/h2>\t\t\t\t\t\t\t\t<\/div>\n\t\t\t\t<\/div>\n\t\t\t\t\t<\/div>\n\t\t\t\t<\/div>\n\t\t<div class=\"elementor-element elementor-element-6dd1d6a7 e-flex e-con-boxed e-con e-parent\" data-id=\"6dd1d6a7\" data-element_type=\"container\" data-e-type=\"container\">\n\t\t\t\t\t<div class=\"e-con-inner\">\n\t\t<div class=\"elementor-element elementor-element-3738904c e-con-full e-flex e-con e-child\" data-id=\"3738904c\" data-element_type=\"container\" data-e-type=\"container\">\n\t\t\t\t<div class=\"elementor-element elementor-element-bf97795 elementor-widget__width-initial elementor-widget elementor-widget-heading\" data-id=\"bf97795\" data-element_type=\"widget\" data-e-type=\"widget\" data-widget_type=\"heading.default\">\n\t\t\t\t<div class=\"elementor-widget-container\">\n\t\t\t\t\t<h2 class=\"elementor-heading-title elementor-size-default\">Un vistazo a<br> nuestra Historia<\/h2>\t\t\t\t<\/div>\n\t\t\t\t<\/div>\n\t\t\t\t<div class=\"elementor-element elementor-element-4e080246 elementor-widget elementor-widget-text-editor\" data-id=\"4e080246\" data-element_type=\"widget\" data-e-type=\"widget\" data-widget_type=\"text-editor.default\">\n\t\t\t\t<div class=\"elementor-widget-container\">\n\t\t\t\t\t\t\t\t\t<p>Porque pensamos en tu familia te ofrecemos alimentos naturales, ecol\u00f3gicos y org\u00e1nicos (Pollo, Res y Cerdo), que est\u00e1n libres de pesticidas, bactericidas, fungicidas, hormonas y en general de todo tipo de qu\u00edmicos.<\/p><p id=\"u1029-2\">Somos una empresa con mas de 20 a\u00f1os de experiencia ofreciendo a nuestros exclusivos clientes la mas alta calidad e higiene en productos naturales , org\u00e1nicos y ecol\u00f3gicos.<\/p><p id=\"u1029-5\">Para\u00a0 su casa y solo a nivel familiar.<\/p><p>No atendemos supermercados, famas , ni empresas institucionales.<\/p><p id=\"u269-2\">Si queremos llevar una dieta equilibrada debemos tomar alimentos que nos proporcionen las cantidades adecuadas de energ\u00eda, nutrientes, vitaminas, minerales y oligoelementos, que ayuden a mantener a nuestro organismo en forma e inmune a posibles enfermedades. El pollo es una de las mejores opciones.<\/p><p id=\"u269-4\">Es una buena fuente de prote\u00ednas, con amino\u00e1cidos esenciales de f\u00e1cil digesti\u00f3n. si ingerimos un filete peque\u00f1o de pechuga de pollo, estaremos aportando a nuestro organismo el 30% de sus necesidades medias de prote\u00ednas diarias. En cuanto al contenido de grasas, el pollo se caracteriza por el bajo aporte de las mismas, y como consecuencia, el peque\u00f1o riesgo de padecer colesterol. Es, por ello, que se considera una carne magra. En el pollo predomina la \u201cgrasa buena\u201d, con efectos positivos en la salud cardiovascular.<\/p><p>En DISMAJO puedes comprar en l\u00ednea.<\/p>\t\t\t\t\t\t\t\t<\/div>\n\t\t\t\t<\/div>\n\t\t\t\t<div class=\"elementor-element elementor-element-1d99b900 elementor-align-center elementor-widget elementor-widget-button\" data-id=\"1d99b900\" data-element_type=\"widget\" data-e-type=\"widget\" data-widget_type=\"button.default\">\n\t\t\t\t<div class=\"elementor-widget-container\">\n\t\t\t\t\t\t\t\t\t<div class=\"elementor-button-wrapper\">\n\t\t\t\t\t<a class=\"elementor-button elementor-button-link elementor-size-sm\" href=\"https:\/\/dismajo.com.co\/pollo-cerdo-res\/tienda\/\">\n\t\t\t\t\t\t<span class=\"elementor-button-content-wrapper\">\n\t\t\t\t\t\t\t\t\t<span class=\"elementor-button-text\">LISTOS PARA COMPRAR?<\/span>\n\t\t\t\t\t<\/span>\n\t\t\t\t\t<\/a>\n\t\t\t\t<\/div>\n\t\t\t\t\t\t\t\t<\/div>\n\t\t\t\t<\/div>\n\t\t\t\t<\/div>\n\t\t\t\t<div class=\"elementor-element elementor-element-360a85e1 elementor-widget elementor-widget-image\" data-id=\"360a85e1\" data-element_type=\"widget\" data-e-type=\"widget\" data-widget_type=\"image.default\">\n\t\t\t\t<div class=\"elementor-widget-container\">\n\t\t\t\t\t\t\t\t\t\t\t\t\t\t\t<img fetchpriority=\"high\" decoding=\"async\" width=\"800\" height=\"981\" src=\"https:\/\/dismajo.com.co\/pollo-cerdo-res\/wp-content\/uploads\/2024\/07\/logo-dismajo-color-cuadro-835x1024.png\" class=\"attachment-large size-large wp-image-3560\" alt=\"\" srcset=\"https:\/\/dismajo.com.co\/pollo-cerdo-res\/wp-content\/uploads\/2024\/07\/logo-dismajo-color-cuadro-835x1024.png 835w, https:\/\/dismajo.com.co\/pollo-cerdo-res\/wp-content\/uploads\/2024\/07\/logo-dismajo-color-cuadro-245x300.png 245w, https:\/\/dismajo.com.co\/pollo-cerdo-res\/wp-content\/uploads\/2024\/07\/logo-dismajo-color-cuadro-768x942.png 768w, https:\/\/dismajo.com.co\/pollo-cerdo-res\/wp-content\/uploads\/2024\/07\/logo-dismajo-color-cuadro-300x368.png 300w, https:\/\/dismajo.com.co\/pollo-cerdo-res\/wp-content\/uploads\/2024\/07\/logo-dismajo-color-cuadro-600x736.png 600w, https:\/\/dismajo.com.co\/pollo-cerdo-res\/wp-content\/uploads\/2024\/07\/logo-dismajo-color-cuadro.png 1142w\" sizes=\"(max-width: 800px) 100vw, 800px\" \/>\t\t\t\t\t\t\t\t\t\t\t\t\t\t\t<\/div>\n\t\t\t\t<\/div>\n\t\t\t\t\t<\/div>\n\t\t\t\t<\/div>\n\t\t<div class=\"elementor-element elementor-element-1e000a64 e-flex e-con-boxed e-con e-parent\" data-id=\"1e000a64\" data-element_type=\"container\" data-e-type=\"container\">\n\t\t\t\t\t<div class=\"e-con-inner\">\n\t\t\t\t<div class=\"elementor-element elementor-element-68b1bdf8 elementor-widget elementor-widget-video\" data-id=\"68b1bdf8\" data-element_type=\"widget\" data-e-type=\"widget\" data-settings=\"{&quot;youtube_url&quot;:&quot;https:\\\/\\\/youtu.be\\\/VOU4Arzm_g4?si=4paZoiiwyelW4kll&quot;,&quot;video_type&quot;:&quot;youtube&quot;,&quot;controls&quot;:&quot;yes&quot;}\" data-widget_type=\"video.default\">\n\t\t\t\t<div class=\"elementor-widget-container\">\n\t\t\t\t\t\t\t<div class=\"elementor-wrapper elementor-open-inline\">\n\t\t\t<div class=\"elementor-video\"><\/div>\t\t<\/div>\n\t\t\t\t\t\t<\/div>\n\t\t\t\t<\/div>\n\t\t\t\t\t<\/div>\n\t\t\t\t<\/div>\n\t\t<div class=\"elementor-element elementor-element-578f5692 e-flex e-con-boxed e-con e-parent\" data-id=\"578f5692\" data-element_type=\"container\" data-e-type=\"container\" data-settings=\"{&quot;background_background&quot;:&quot;classic&quot;}\">\n\t\t\t\t\t<div class=\"e-con-inner\">\n\t\t<div class=\"elementor-element elementor-element-2e3a7156 e-con-full e-flex e-con e-child\" data-id=\"2e3a7156\" data-element_type=\"container\" data-e-type=\"container\">\n\t\t\t\t<div class=\"elementor-element elementor-element-457c6544 elementor-widget elementor-widget-text-editor\" data-id=\"457c6544\" data-element_type=\"widget\" data-e-type=\"widget\" data-widget_type=\"text-editor.default\">\n\t\t\t\t<div class=\"elementor-widget-container\">\n\t\t\t\t\t\t\t\t\t<p><strong>Todos los d\u00edas\u00a0<span style=\"color: #ff9900;\">alimentos<\/span>\u00a0frescos<\/strong><\/p>\t\t\t\t\t\t\t\t<\/div>\n\t\t\t\t<\/div>\n\t\t\t\t<div class=\"elementor-element elementor-element-516d0c46 elementor-widget elementor-widget-text-editor\" data-id=\"516d0c46\" data-element_type=\"widget\" data-e-type=\"widget\" data-widget_type=\"text-editor.default\">\n\t\t\t\t<div class=\"elementor-widget-container\">\n\t\t\t\t\t\t\t\t\t<p>Productos naturales libres de hormonas y esteroides, sin procesos de industrializaci\u00f3n.<br \/>Come sano, come DISMAJO<\/p>\t\t\t\t\t\t\t\t<\/div>\n\t\t\t\t<\/div>\n\t\t\t\t<div class=\"elementor-element elementor-element-55234598 elementor-widget elementor-widget-text-editor\" data-id=\"55234598\" data-element_type=\"widget\" data-e-type=\"widget\" data-widget_type=\"text-editor.default\">\n\t\t\t\t<div class=\"elementor-widget-container\">\n\t\t\t\t\t\t\t\t\t<p><strong>COME SANO, COME DISMAJO<\/strong><\/p>\t\t\t\t\t\t\t\t<\/div>\n\t\t\t\t<\/div>\n\t\t\t\t<\/div>\n\t\t<div class=\"elementor-element elementor-element-18e79e29 e-con-full e-flex elementor-invisible e-con e-child\" data-id=\"18e79e29\" data-element_type=\"container\" data-e-type=\"container\" data-settings=\"{&quot;motion_fx_motion_fx_mouse&quot;:&quot;yes&quot;,&quot;motion_fx_mouseTrack_effect&quot;:&quot;yes&quot;,&quot;motion_fx_mouseTrack_direction&quot;:&quot;negative&quot;,&quot;motion_fx_mouseTrack_speed&quot;:{&quot;unit&quot;:&quot;px&quot;,&quot;size&quot;:0.299999999999999988897769753748434595763683319091796875,&quot;sizes&quot;:[]},&quot;motion_fx_tilt_effect&quot;:&quot;yes&quot;,&quot;motion_fx_tilt_speed&quot;:{&quot;unit&quot;:&quot;px&quot;,&quot;size&quot;:0.5,&quot;sizes&quot;:[]},&quot;animation&quot;:&quot;fadeInRight&quot;}\">\n\t\t\t\t<div class=\"elementor-element elementor-element-3fe44014 elementor-view-default elementor-widget elementor-widget-icon\" data-id=\"3fe44014\" data-element_type=\"widget\" data-e-type=\"widget\" data-widget_type=\"icon.default\">\n\t\t\t\t<div class=\"elementor-widget-container\">\n\t\t\t\t\t\t\t<div class=\"elementor-icon-wrapper\">\n\t\t\t<a class=\"elementor-icon\" href=\"https:\/\/dismajo.com.co\/pollo-cerdo-res\/tienda\/\">\n\t\t\t<svg aria-hidden=\"true\" class=\"e-font-icon-svg e-fas-shopping-basket\" viewBox=\"0 0 576 512\" xmlns=\"http:\/\/www.w3.org\/2000\/svg\"><path d=\"M576 216v16c0 13.255-10.745 24-24 24h-8l-26.113 182.788C514.509 462.435 494.257 480 470.37 480H105.63c-23.887 0-44.139-17.565-47.518-41.212L32 256h-8c-13.255 0-24-10.745-24-24v-16c0-13.255 10.745-24 24-24h67.341l106.78-146.821c10.395-14.292 30.407-17.453 44.701-7.058 14.293 10.395 17.453 30.408 7.058 44.701L170.477 192h235.046L326.12 82.821c-10.395-14.292-7.234-34.306 7.059-44.701 14.291-10.395 34.306-7.235 44.701 7.058L484.659 192H552c13.255 0 24 10.745 24 24zM312 392V280c0-13.255-10.745-24-24-24s-24 10.745-24 24v112c0 13.255 10.745 24 24 24s24-10.745 24-24zm112 0V280c0-13.255-10.745-24-24-24s-24 10.745-24 24v112c0 13.255 10.745 24 24 24s24-10.745 24-24zm-224 0V280c0-13.255-10.745-24-24-24s-24 10.745-24 24v112c0 13.255 10.745 24 24 24s24-10.745 24-24z\"><\/path><\/svg>\t\t\t<\/a>\n\t\t<\/div>\n\t\t\t\t\t\t<\/div>\n\t\t\t\t<\/div>\n\t\t\t\t<div class=\"elementor-element elementor-element-436023aa elementor-widget elementor-widget-text-editor\" data-id=\"436023aa\" data-element_type=\"widget\" data-e-type=\"widget\" data-widget_type=\"text-editor.default\">\n\t\t\t\t<div class=\"elementor-widget-container\">\n\t\t\t\t\t\t\t\t\t<p style=\"text-align: center;\"><strong>COMPRAR AHORA<\/strong><\/p>\t\t\t\t\t\t\t\t<\/div>\n\t\t\t\t<\/div>\n\t\t\t\t<\/div>\n\t\t\t\t\t<\/div>\n\t\t\t\t<\/div>\n\t\t\t\t<\/div>\n\t\t","protected":false},"excerpt":{"rendered":"<p>Por qu\u00e9 DISMAJO Un vistazo a nuestra Historia Porque pensamos en tu familia te ofrecemos alimentos naturales, ecol\u00f3gicos y org\u00e1nicos (Pollo, Res y Cerdo), que est\u00e1n libres de pesticidas, bactericidas, fungicidas, hormonas y en general de todo tipo de qu\u00edmicos. Somos una empresa con mas de 20 a\u00f1os de experiencia ofreciendo a nuestros exclusivos clientes [&hellip;]<\/p>\n","protected":false},"author":1,"featured_media":0,"parent":0,"menu_order":0,"comment_status":"closed","ping_status":"closed","template":"","meta":{"_joinchat":[],"footnotes":""},"class_list":["post-744","page","type-page","status-publish","hentry"],"_links":{"self":[{"href":"https:\/\/dismajo.com.co\/pollo-cerdo-res\/wp-json\/wp\/v2\/pages\/744","targetHints":{"allow":["GET"]}}],"collection":[{"href":"https:\/\/dismajo.com.co\/pollo-cerdo-res\/wp-json\/wp\/v2\/pages"}],"about":[{"href":"https:\/\/dismajo.com.co\/pollo-cerdo-res\/wp-json\/wp\/v2\/types\/page"}],"author":[{"embeddable":true,"href":"https:\/\/dismajo.com.co\/pollo-cerdo-res\/wp-json\/wp\/v2\/users\/1"}],"replies":[{"embeddable":true,"href":"https:\/\/dismajo.com.co\/pollo-cerdo-res\/wp-json\/wp\/v2\/comments?post=744"}],"version-history":[{"count":25,"href":"https:\/\/dismajo.com.co\/pollo-cerdo-res\/wp-json\/wp\/v2\/pages\/744\/revisions"}],"predecessor-version":[{"id":3579,"href":"https:\/\/dismajo.com.co\/pollo-cerdo-res\/wp-json\/wp\/v2\/pages\/744\/revisions\/3579"}],"wp:attachment":[{"href":"https:\/\/dismajo.com.co\/pollo-cerdo-res\/wp-json\/wp\/v2\/media?parent=744"}],"curies":[{"name":"wp","href":"https:\/\/api.w.org\/{rel}","templated":true}]}}