{"id":1338,"date":"2021-01-08T16:39:35","date_gmt":"2021-01-08T21:39:35","guid":{"rendered":"https:\/\/dismajo.com.co\/pollo-cerdo-res\/?post_type=product&#038;p=1338"},"modified":"2026-04-18T16:47:12","modified_gmt":"2026-04-18T21:47:12","slug":"pollo-entero","status":"publish","type":"product","link":"https:\/\/dismajo.com.co\/pollo-cerdo-res\/producto\/pollo-entero\/","title":{"rendered":"POLLO ENTERO SIN VISCERAS X 1 Uni."},"content":{"rendered":"<p><span style=\"font-weight: 400;\">En Dismajo la alimentaci\u00f3n de las aves es de manera natural con ma\u00edz y arroz org\u00e1nico, son libres de hormonas, esteroides preservantes y sin procesos de inyecci\u00f3n, es por eso que encontraras el sabor \u00fanico y natural en nuestro delicioso pollo sin v\u00edsceras. No manejamos stock de producto, es por eso que se beneficia la noche anterior a ser entregado en tu casa.<\/span><\/p>\n","protected":false},"excerpt":{"rendered":"<p>Precio por bandeja<\/p>\n<p>&nbsp;<\/p>\n<p><span style=\"font-weight: 400;\">El espectarular pollo entero tiene un alto valor nutricional. Se encarga de suministrar toda protenina necesaria durante el cremimciento y desarrollo cognoscitivo (Vitamina A) de los ni\u00f1os y el desarrollo apropiado del tejido muscular. Es un gran fuente de vitaminas, rico en fosforo, bajo en grasa y calorias manteniendo los vasos sanguineos sanos y los niveles de energia altos. Reune todas las aprtes del pollo, es por eso que te permite explotar tu creatividad en la cocina y realizar excelentes platos para tus comensales. Es ideal para hacer al horno, asado, con vegetales y especias.\u00a0<\/span><\/p>\n","protected":false},"featured_media":1340,"comment_status":"closed","ping_status":"closed","template":"","meta":{"_joinchat":[]},"product_brand":[],"product_cat":[74],"product_tag":[],"class_list":{"0":"post-1338","1":"product","2":"type-product","3":"status-publish","4":"has-post-thumbnail","6":"product_cat-carne-de-pollo","8":"first","9":"instock","10":"shipping-taxable","11":"purchasable","12":"product-type-simple"},"_links":{"self":[{"href":"https:\/\/dismajo.com.co\/pollo-cerdo-res\/wp-json\/wp\/v2\/product\/1338","targetHints":{"allow":["GET"]}}],"collection":[{"href":"https:\/\/dismajo.com.co\/pollo-cerdo-res\/wp-json\/wp\/v2\/product"}],"about":[{"href":"https:\/\/dismajo.com.co\/pollo-cerdo-res\/wp-json\/wp\/v2\/types\/product"}],"replies":[{"embeddable":true,"href":"https:\/\/dismajo.com.co\/pollo-cerdo-res\/wp-json\/wp\/v2\/comments?post=1338"}],"wp:featuredmedia":[{"embeddable":true,"href":"https:\/\/dismajo.com.co\/pollo-cerdo-res\/wp-json\/wp\/v2\/media\/1340"}],"wp:attachment":[{"href":"https:\/\/dismajo.com.co\/pollo-cerdo-res\/wp-json\/wp\/v2\/media?parent=1338"}],"wp:term":[{"taxonomy":"product_brand","embeddable":true,"href":"https:\/\/dismajo.com.co\/pollo-cerdo-res\/wp-json\/wp\/v2\/product_brand?post=1338"},{"taxonomy":"product_cat","embeddable":true,"href":"https:\/\/dismajo.com.co\/pollo-cerdo-res\/wp-json\/wp\/v2\/product_cat?post=1338"},{"taxonomy":"product_tag","embeddable":true,"href":"https:\/\/dismajo.com.co\/pollo-cerdo-res\/wp-json\/wp\/v2\/product_tag?post=1338"}],"curies":[{"name":"wp","href":"https:\/\/api.w.org\/{rel}","templated":true}]}}