{"id":1565,"date":"2021-03-09T10:39:55","date_gmt":"2021-03-09T15:39:55","guid":{"rendered":"https:\/\/dismajo.com.co\/pollo-cerdo-res\/?post_type=product&#038;p=1565"},"modified":"2026-04-18T16:41:06","modified_gmt":"2026-04-18T21:41:06","slug":"huesos-de-pedhuga-x-1000-gr","status":"publish","type":"product","link":"https:\/\/dismajo.com.co\/pollo-cerdo-res\/producto\/huesos-de-pedhuga-x-1000-gr\/","title":{"rendered":"HUESOS DE PECHUGA X 1000 Gr."},"content":{"rendered":"<p><span style=\"font-weight: 400;\">En Dismajo la alimentaci\u00f3n de las aves es de manera natural con ma\u00edz y arroz org\u00e1nico, son libres de hormonas, esteroides preservantes y sin procesos de inyecci\u00f3n, es por eso que encontraras el sabor \u00fanico y natural con mucha sustancia en nuestros deliciosos huesos de pechuga. No manejamos stock de producto, es por eso que se beneficia la noche anterior a ser entregado en tu casa.<\/span><\/p>\n","protected":false},"excerpt":{"rendered":"<p>Precio por bandeja<\/p>\n<p>&nbsp;<\/p>\n<p>Los huesos de pechuga de pollo son bajos en contenido cal\u00f3rico, ya que vienen de las partes m\u00e1s magras del pollo. Son ideales por su exelente sabor para hacer en caldos ya que contiene muchas vitaminas y minerales los cuales ayudan a reforzar el sistema oseo. Vienen con un peso aproximado de 1 Kg.<\/p>\n","protected":false},"featured_media":1147,"comment_status":"closed","ping_status":"closed","template":"","meta":{"_joinchat":[]},"product_brand":[],"product_cat":[74],"product_tag":[],"class_list":{"0":"post-1565","1":"product","2":"type-product","3":"status-publish","4":"has-post-thumbnail","6":"product_cat-carne-de-pollo","8":"first","9":"instock","10":"shipping-taxable","11":"purchasable","12":"product-type-simple"},"_links":{"self":[{"href":"https:\/\/dismajo.com.co\/pollo-cerdo-res\/wp-json\/wp\/v2\/product\/1565","targetHints":{"allow":["GET"]}}],"collection":[{"href":"https:\/\/dismajo.com.co\/pollo-cerdo-res\/wp-json\/wp\/v2\/product"}],"about":[{"href":"https:\/\/dismajo.com.co\/pollo-cerdo-res\/wp-json\/wp\/v2\/types\/product"}],"replies":[{"embeddable":true,"href":"https:\/\/dismajo.com.co\/pollo-cerdo-res\/wp-json\/wp\/v2\/comments?post=1565"}],"wp:featuredmedia":[{"embeddable":true,"href":"https:\/\/dismajo.com.co\/pollo-cerdo-res\/wp-json\/wp\/v2\/media\/1147"}],"wp:attachment":[{"href":"https:\/\/dismajo.com.co\/pollo-cerdo-res\/wp-json\/wp\/v2\/media?parent=1565"}],"wp:term":[{"taxonomy":"product_brand","embeddable":true,"href":"https:\/\/dismajo.com.co\/pollo-cerdo-res\/wp-json\/wp\/v2\/product_brand?post=1565"},{"taxonomy":"product_cat","embeddable":true,"href":"https:\/\/dismajo.com.co\/pollo-cerdo-res\/wp-json\/wp\/v2\/product_cat?post=1565"},{"taxonomy":"product_tag","embeddable":true,"href":"https:\/\/dismajo.com.co\/pollo-cerdo-res\/wp-json\/wp\/v2\/product_tag?post=1565"}],"curies":[{"name":"wp","href":"https:\/\/api.w.org\/{rel}","templated":true}]}}