{"id":1572,"date":"2021-03-09T13:40:03","date_gmt":"2021-03-09T18:40:03","guid":{"rendered":"https:\/\/dismajo.com.co\/pollo-cerdo-res\/?post_type=product&#038;p=1572"},"modified":"2026-01-13T06:38:24","modified_gmt":"2026-01-13T11:38:24","slug":"costilla-de-cerdo-x-lb","status":"publish","type":"product","link":"https:\/\/dismajo.com.co\/pollo-cerdo-res\/producto\/costilla-de-cerdo-x-lb\/","title":{"rendered":"COSTILLA DE CERDO X Lb."},"content":{"rendered":"<p>En Dismajo la alimentaci\u00f3n de los cerdos es de manera natural con cereales, ma\u00edz, variedad de vegetales crudos y pastos naturales. Son libres de hormonas, esteroides y acelerantes para el crecimiento. Es por eso que encontraras el sabor \u00fanico y natural en nuestra deliciosa costilla de cerdo. Es el proteico m\u00e1s sabroso y sano que puedes disfrutar.<\/p>\n","protected":false},"excerpt":{"rendered":"<p><span style=\"font-weight: 400;\">Precio por libra<\/span><\/p>\n<p>&nbsp;<\/p>\n<p><span style=\"font-weight: 400;\">La costilla de cerdo se ha destacado siempre por su delicioso sabor, contienen gran cantidad de hierro, zinc, vitamina B12 y vitamina D. Puedes adquirirla a partir de una libra y nuestro equipo especializado la porcionar\u00e1 a tu gusto y la recibir\u00e1s empacada al vac\u00edo. Es ideal para hacer asada, en parrilla, al horno, sarten o en variedad de salsas.\u00a0\u00a0<\/span><\/p>\n<p>&nbsp;<\/p>\n","protected":false},"featured_media":1779,"comment_status":"closed","ping_status":"closed","template":"","meta":{"_joinchat":[]},"product_brand":[],"product_cat":[15],"product_tag":[],"class_list":{"0":"post-1572","1":"product","2":"type-product","3":"status-publish","4":"has-post-thumbnail","6":"product_cat-carne-de-cerdo","8":"first","9":"instock","10":"shipping-taxable","11":"purchasable","12":"product-type-simple"},"_links":{"self":[{"href":"https:\/\/dismajo.com.co\/pollo-cerdo-res\/wp-json\/wp\/v2\/product\/1572","targetHints":{"allow":["GET"]}}],"collection":[{"href":"https:\/\/dismajo.com.co\/pollo-cerdo-res\/wp-json\/wp\/v2\/product"}],"about":[{"href":"https:\/\/dismajo.com.co\/pollo-cerdo-res\/wp-json\/wp\/v2\/types\/product"}],"replies":[{"embeddable":true,"href":"https:\/\/dismajo.com.co\/pollo-cerdo-res\/wp-json\/wp\/v2\/comments?post=1572"}],"wp:featuredmedia":[{"embeddable":true,"href":"https:\/\/dismajo.com.co\/pollo-cerdo-res\/wp-json\/wp\/v2\/media\/1779"}],"wp:attachment":[{"href":"https:\/\/dismajo.com.co\/pollo-cerdo-res\/wp-json\/wp\/v2\/media?parent=1572"}],"wp:term":[{"taxonomy":"product_brand","embeddable":true,"href":"https:\/\/dismajo.com.co\/pollo-cerdo-res\/wp-json\/wp\/v2\/product_brand?post=1572"},{"taxonomy":"product_cat","embeddable":true,"href":"https:\/\/dismajo.com.co\/pollo-cerdo-res\/wp-json\/wp\/v2\/product_cat?post=1572"},{"taxonomy":"product_tag","embeddable":true,"href":"https:\/\/dismajo.com.co\/pollo-cerdo-res\/wp-json\/wp\/v2\/product_tag?post=1572"}],"curies":[{"name":"wp","href":"https:\/\/api.w.org\/{rel}","templated":true}]}}