{"id":1573,"date":"2021-03-09T14:41:48","date_gmt":"2021-03-09T19:41:48","guid":{"rendered":"https:\/\/dismajo.com.co\/pollo-cerdo-res\/?post_type=product&#038;p=1573"},"modified":"2026-01-13T06:38:24","modified_gmt":"2026-01-13T11:38:24","slug":"espinazo-especial-x-lb","status":"publish","type":"product","link":"https:\/\/dismajo.com.co\/pollo-cerdo-res\/producto\/espinazo-especial-x-lb\/","title":{"rendered":"ESPINAZO ESPECIAL DE CERDO X Lb."},"content":{"rendered":"<p><span style=\"font-weight: 400;\">En Dismajo la alimentaci\u00f3n de los cerdos es de manera natural con cereales, ma\u00edz, variedad de verduras y pastos naturales. Son libres de hormonas, esteroides y acelerantes para el crecimiento. Es por eso que encontraras el sabor \u00fanico y natural en nuestras deliciosas espinazo especial de cerdo con hueso. Es el proteico m\u00e1s sabroso y sano que puedes disfrutar.\u00a0<\/span><\/p>\n","protected":false},"excerpt":{"rendered":"<p style=\"text-align: left;\">Precio por libra<\/p>\n<p>&nbsp;<\/p>\n<p style=\"text-align: left;\">El espinazo especial de cerdo se caracteriza por su excelente sabor. Contiene vitaminas del grupo B, Hierro, tiamina, entre otros beneficios. Puedes adquirirlo a partir de una libra y nuestro equipo especializado lo porcionar\u00e1 a tu gusto y lo recibir\u00e1s empacado al vac\u00edo. Es ideal para hacerlo en guiso o sopas.<\/p>\n","protected":false},"featured_media":1145,"comment_status":"closed","ping_status":"closed","template":"","meta":{"_joinchat":[]},"product_brand":[],"product_cat":[15],"product_tag":[],"class_list":{"0":"post-1573","1":"product","2":"type-product","3":"status-publish","4":"has-post-thumbnail","6":"product_cat-carne-de-cerdo","8":"first","9":"instock","10":"shipping-taxable","11":"purchasable","12":"product-type-simple"},"_links":{"self":[{"href":"https:\/\/dismajo.com.co\/pollo-cerdo-res\/wp-json\/wp\/v2\/product\/1573","targetHints":{"allow":["GET"]}}],"collection":[{"href":"https:\/\/dismajo.com.co\/pollo-cerdo-res\/wp-json\/wp\/v2\/product"}],"about":[{"href":"https:\/\/dismajo.com.co\/pollo-cerdo-res\/wp-json\/wp\/v2\/types\/product"}],"replies":[{"embeddable":true,"href":"https:\/\/dismajo.com.co\/pollo-cerdo-res\/wp-json\/wp\/v2\/comments?post=1573"}],"wp:featuredmedia":[{"embeddable":true,"href":"https:\/\/dismajo.com.co\/pollo-cerdo-res\/wp-json\/wp\/v2\/media\/1145"}],"wp:attachment":[{"href":"https:\/\/dismajo.com.co\/pollo-cerdo-res\/wp-json\/wp\/v2\/media?parent=1573"}],"wp:term":[{"taxonomy":"product_brand","embeddable":true,"href":"https:\/\/dismajo.com.co\/pollo-cerdo-res\/wp-json\/wp\/v2\/product_brand?post=1573"},{"taxonomy":"product_cat","embeddable":true,"href":"https:\/\/dismajo.com.co\/pollo-cerdo-res\/wp-json\/wp\/v2\/product_cat?post=1573"},{"taxonomy":"product_tag","embeddable":true,"href":"https:\/\/dismajo.com.co\/pollo-cerdo-res\/wp-json\/wp\/v2\/product_tag?post=1573"}],"curies":[{"name":"wp","href":"https:\/\/api.w.org\/{rel}","templated":true}]}}