{"id":1575,"date":"2021-03-09T16:04:24","date_gmt":"2021-03-09T21:04:24","guid":{"rendered":"https:\/\/dismajo.com.co\/pollo-cerdo-res\/?post_type=product&#038;p=1575"},"modified":"2026-01-13T06:38:24","modified_gmt":"2026-01-13T11:38:24","slug":"codillo-de-cerdo-x-lb","status":"publish","type":"product","link":"https:\/\/dismajo.com.co\/pollo-cerdo-res\/producto\/codillo-de-cerdo-x-lb\/","title":{"rendered":"CODILLO DE CERDO X KG."},"content":{"rendered":"<p><span style=\"font-weight: 400;\">En Dismajo la alimentaci\u00f3n de los cerdos es de manera natural con cereales, ma\u00edz, variedad de verduras y pastos naturales. Son libres de hormonas, esteroides y acelerantes para el crecimiento. Es por eso que encontraras el sabor \u00fanico y natural en nuestro delicioso codillo de cerdo. Es el proteico m\u00e1s sabroso y sano que puedes disfrutar.<\/span><\/p>\n<p>&nbsp;<\/p>\n","protected":false},"excerpt":{"rendered":"<p><span style=\"font-weight: 400;\">Precio por libra<\/span><\/p>\n<p>&nbsp;<\/p>\n<p><span style=\"font-weight: 400;\">Uno de los productos preferidos por los colombianos, el codillo de cerdo, por su espectacular sabor, textura y contenido bajo en grasa. Es ideal para preparar los famosos huesos de marrano. Contiene hierro, calcio, vitamina B12 y B6, tiamina, niacina, f\u00f3sforo, entre otros. Puedes adquirirlo a partir de una libra y nuestro equipo especializado la porcionar\u00e1 a tu gusto y lo recibir\u00e1s empacada al vac\u00edo.<\/span><\/p>\n","protected":false},"featured_media":1775,"comment_status":"closed","ping_status":"closed","template":"","meta":{"_joinchat":[]},"product_brand":[],"product_cat":[15],"product_tag":[],"class_list":{"0":"post-1575","1":"product","2":"type-product","3":"status-publish","4":"has-post-thumbnail","6":"product_cat-carne-de-cerdo","8":"first","9":"instock","10":"shipping-taxable","11":"purchasable","12":"product-type-simple"},"_links":{"self":[{"href":"https:\/\/dismajo.com.co\/pollo-cerdo-res\/wp-json\/wp\/v2\/product\/1575","targetHints":{"allow":["GET"]}}],"collection":[{"href":"https:\/\/dismajo.com.co\/pollo-cerdo-res\/wp-json\/wp\/v2\/product"}],"about":[{"href":"https:\/\/dismajo.com.co\/pollo-cerdo-res\/wp-json\/wp\/v2\/types\/product"}],"replies":[{"embeddable":true,"href":"https:\/\/dismajo.com.co\/pollo-cerdo-res\/wp-json\/wp\/v2\/comments?post=1575"}],"wp:featuredmedia":[{"embeddable":true,"href":"https:\/\/dismajo.com.co\/pollo-cerdo-res\/wp-json\/wp\/v2\/media\/1775"}],"wp:attachment":[{"href":"https:\/\/dismajo.com.co\/pollo-cerdo-res\/wp-json\/wp\/v2\/media?parent=1575"}],"wp:term":[{"taxonomy":"product_brand","embeddable":true,"href":"https:\/\/dismajo.com.co\/pollo-cerdo-res\/wp-json\/wp\/v2\/product_brand?post=1575"},{"taxonomy":"product_cat","embeddable":true,"href":"https:\/\/dismajo.com.co\/pollo-cerdo-res\/wp-json\/wp\/v2\/product_cat?post=1575"},{"taxonomy":"product_tag","embeddable":true,"href":"https:\/\/dismajo.com.co\/pollo-cerdo-res\/wp-json\/wp\/v2\/product_tag?post=1575"}],"curies":[{"name":"wp","href":"https:\/\/api.w.org\/{rel}","templated":true}]}}