{"id":1580,"date":"2021-03-09T18:34:40","date_gmt":"2021-03-09T23:34:40","guid":{"rendered":"https:\/\/dismajo.com.co\/pollo-cerdo-res\/?post_type=product&#038;p=1580"},"modified":"2026-01-13T06:38:24","modified_gmt":"2026-01-13T11:38:24","slug":"osobuco-de-cerdo-x-lb-copia","status":"publish","type":"product","link":"https:\/\/dismajo.com.co\/pollo-cerdo-res\/producto\/osobuco-de-cerdo-x-lb-copia\/","title":{"rendered":"OSOBUCO DE CERDO X Lb."},"content":{"rendered":"<p><span style=\"font-weight: 400;\">En Dismajo la alimentaci\u00f3n de los cerdos es de manera natural con cereales, ma\u00edz, variedad de verduras y pastos naturales. Son libres de hormonas, esteroides y acelerantes para el crecimiento. Es por eso que encontraras el sabor \u00fanico y natural en nuestra deliciosa ossobuco de cerdo. Es el proteico m\u00e1s sabroso y sano que puedes disfrutar.<\/span><\/p>\n<p>&nbsp;<\/p>\n","protected":false},"excerpt":{"rendered":"<p><span style=\"font-weight: 400;\">Precio por libra<\/span><\/p>\n<p>&nbsp;<\/p>\n<p>Nuestro delicioso osobuco de cerdo se destaca por su jugosidad y sabor. Es ideal para una dieta equilibrada ya que es rico en nutrientes, vitaminas y minerales como vitamina B1, f\u00f3sforo, selenio, entre otros. Puedes adquirirlo a partir de una libra y nuestro equipo especializado lo porcionar\u00e1 a tu gusto y lo recibir\u00e1s empacada al vac\u00edo. Es ideal para hacer guisado, en salsa, o al horno.<\/p>\n","protected":false},"featured_media":1789,"comment_status":"closed","ping_status":"closed","template":"","meta":{"_joinchat":[]},"product_brand":[],"product_cat":[15],"product_tag":[],"class_list":{"0":"post-1580","1":"product","2":"type-product","3":"status-publish","4":"has-post-thumbnail","6":"product_cat-carne-de-cerdo","8":"first","9":"instock","10":"shipping-taxable","11":"purchasable","12":"product-type-simple"},"_links":{"self":[{"href":"https:\/\/dismajo.com.co\/pollo-cerdo-res\/wp-json\/wp\/v2\/product\/1580","targetHints":{"allow":["GET"]}}],"collection":[{"href":"https:\/\/dismajo.com.co\/pollo-cerdo-res\/wp-json\/wp\/v2\/product"}],"about":[{"href":"https:\/\/dismajo.com.co\/pollo-cerdo-res\/wp-json\/wp\/v2\/types\/product"}],"replies":[{"embeddable":true,"href":"https:\/\/dismajo.com.co\/pollo-cerdo-res\/wp-json\/wp\/v2\/comments?post=1580"}],"wp:featuredmedia":[{"embeddable":true,"href":"https:\/\/dismajo.com.co\/pollo-cerdo-res\/wp-json\/wp\/v2\/media\/1789"}],"wp:attachment":[{"href":"https:\/\/dismajo.com.co\/pollo-cerdo-res\/wp-json\/wp\/v2\/media?parent=1580"}],"wp:term":[{"taxonomy":"product_brand","embeddable":true,"href":"https:\/\/dismajo.com.co\/pollo-cerdo-res\/wp-json\/wp\/v2\/product_brand?post=1580"},{"taxonomy":"product_cat","embeddable":true,"href":"https:\/\/dismajo.com.co\/pollo-cerdo-res\/wp-json\/wp\/v2\/product_cat?post=1580"},{"taxonomy":"product_tag","embeddable":true,"href":"https:\/\/dismajo.com.co\/pollo-cerdo-res\/wp-json\/wp\/v2\/product_tag?post=1580"}],"curies":[{"name":"wp","href":"https:\/\/api.w.org\/{rel}","templated":true}]}}