{"id":1591,"date":"2021-03-10T17:21:18","date_gmt":"2021-03-10T22:21:18","guid":{"rendered":"https:\/\/dismajo.com.co\/pollo-cerdo-res\/?post_type=product&#038;p=1591"},"modified":"2026-01-21T08:47:39","modified_gmt":"2026-01-21T13:47:39","slug":"sobrebarriga-de-res-x-lb","status":"publish","type":"product","link":"https:\/\/dismajo.com.co\/pollo-cerdo-res\/producto\/sobrebarriga-de-res-x-lb\/","title":{"rendered":"SOBREBARRIGA DE RES X Lb."},"content":{"rendered":"<p><span style=\"font-weight: 400;\">En Dismajo la alimentaci\u00f3n de las reses son libres de hormonas, acelerantes de crecimiento, esteroides y preservantes. Son alimentados de manera natural a base de pastos naturales libres de pesticidas y qu\u00edmicos. Es por eso que encontraras el sabor \u00fanico y natural de las reses calentanas en nuestra deliciosa sobrebarriga de res.<\/span><\/p>\n<p>&nbsp;<\/p>\n","protected":false},"excerpt":{"rendered":"<p><span style=\"font-weight: 400;\">Precio por libra<\/span><\/p>\n<p>La famosa sobrebarriga es una carne que se divide entre la \u201cla sobrebarriga gruesa\u201d y \u201cla sobrebarriga delgada\u201d. La sobrebarriga gruesa se debe a que contiene algo de pecho en su corte, lo cual lo hace ideal para desmechar. La sobrebarriga delgada es un poco mas suave y tiene una capa delgada de tela con tejidos grasos, es por eso que es muy suave cuando se hornea o se prepara en estofado. Este producto podr\u00e1s adquirirlo a partir de una libra y nuestro equipo especializado lo porcionar\u00e1 a tu gusto y lo recibir\u00e1s empacado al vac\u00edo.<\/p>\n<p>&nbsp;<\/p>\n","protected":false},"featured_media":1799,"comment_status":"closed","ping_status":"closed","template":"","meta":{"_joinchat":[]},"product_brand":[],"product_cat":[73],"product_tag":[],"class_list":{"0":"post-1591","1":"product","2":"type-product","3":"status-publish","4":"has-post-thumbnail","6":"product_cat-carne-de-res","8":"first","9":"instock","10":"shipping-taxable","11":"purchasable","12":"product-type-simple"},"_links":{"self":[{"href":"https:\/\/dismajo.com.co\/pollo-cerdo-res\/wp-json\/wp\/v2\/product\/1591","targetHints":{"allow":["GET"]}}],"collection":[{"href":"https:\/\/dismajo.com.co\/pollo-cerdo-res\/wp-json\/wp\/v2\/product"}],"about":[{"href":"https:\/\/dismajo.com.co\/pollo-cerdo-res\/wp-json\/wp\/v2\/types\/product"}],"replies":[{"embeddable":true,"href":"https:\/\/dismajo.com.co\/pollo-cerdo-res\/wp-json\/wp\/v2\/comments?post=1591"}],"wp:featuredmedia":[{"embeddable":true,"href":"https:\/\/dismajo.com.co\/pollo-cerdo-res\/wp-json\/wp\/v2\/media\/1799"}],"wp:attachment":[{"href":"https:\/\/dismajo.com.co\/pollo-cerdo-res\/wp-json\/wp\/v2\/media?parent=1591"}],"wp:term":[{"taxonomy":"product_brand","embeddable":true,"href":"https:\/\/dismajo.com.co\/pollo-cerdo-res\/wp-json\/wp\/v2\/product_brand?post=1591"},{"taxonomy":"product_cat","embeddable":true,"href":"https:\/\/dismajo.com.co\/pollo-cerdo-res\/wp-json\/wp\/v2\/product_cat?post=1591"},{"taxonomy":"product_tag","embeddable":true,"href":"https:\/\/dismajo.com.co\/pollo-cerdo-res\/wp-json\/wp\/v2\/product_tag?post=1591"}],"curies":[{"name":"wp","href":"https:\/\/api.w.org\/{rel}","templated":true}]}}