{"id":235,"date":"2021-02-22T18:16:27","date_gmt":"2021-02-22T23:16:27","guid":{"rendered":"http:\/\/wp.nootheme.com\/organici\/dummy\/?post_type=product&#038;p=235"},"modified":"2026-01-13T06:38:25","modified_gmt":"2026-01-13T11:38:25","slug":"tocino-carnudo-de-cerdo","status":"publish","type":"product","link":"https:\/\/dismajo.com.co\/pollo-cerdo-res\/producto\/tocino-carnudo-de-cerdo\/","title":{"rendered":"TOCINO CARNUDO DE CERDO X Lb."},"content":{"rendered":"<p><b><i>\u00a0<\/i><\/b><span style=\"font-weight: 400;\">En Dismajo la alimentaci\u00f3n de los cerdos es de manera natural con cereales, ma\u00edz, variedad de vegetales crudos y pastos naturales. Son libres de hormonas, esteroides y acelerantes para el crecimiento. Es por eso que encontraras el sabor \u00fanico y natural en nuestro delicioso tocino carnudo de cerdo. Es el proteico m\u00e1s sabroso y sano que puedes disfrutar.<\/span><\/p>\n<p>&nbsp;<\/p>\n","protected":false},"excerpt":{"rendered":"<p><span style=\"font-weight: 400;\">Precio por libra<\/span><\/p>\n<p>&nbsp;<\/p>\n<p><span style=\"font-weight: 400;\">Uno de los preferidos por los colombianos, el tocino carnudo, por su espectacular sabor y textura. Est\u00e1 compuesto por un delicioso trozo de carne con grasa intramuscular y con piel. Es ideal para preparar chicharrones crocantes y carnudos. Contiene hierro, calcio, vitamina B12 y B6, tiamina, niacina, f\u00f3sforo, entre otros. Puedes adquirirlo a partir de una libra y nuestro equipo especializado la porcionar\u00e1 a tu gusto y lo recibir\u00e1s empacada al vac\u00edo. Es ideal para hacer frito, sarten o al horno.\u00a0\u00a0<\/span><\/p>\n<p>&nbsp;<\/p>\n","protected":false},"featured_media":1325,"comment_status":"closed","ping_status":"closed","template":"","meta":{"_joinchat":[]},"product_brand":[],"product_cat":[15],"product_tag":[],"class_list":{"0":"post-235","1":"product","2":"type-product","3":"status-publish","4":"has-post-thumbnail","6":"product_cat-carne-de-cerdo","8":"first","9":"instock","10":"shipping-taxable","11":"purchasable","12":"product-type-simple"},"_links":{"self":[{"href":"https:\/\/dismajo.com.co\/pollo-cerdo-res\/wp-json\/wp\/v2\/product\/235","targetHints":{"allow":["GET"]}}],"collection":[{"href":"https:\/\/dismajo.com.co\/pollo-cerdo-res\/wp-json\/wp\/v2\/product"}],"about":[{"href":"https:\/\/dismajo.com.co\/pollo-cerdo-res\/wp-json\/wp\/v2\/types\/product"}],"replies":[{"embeddable":true,"href":"https:\/\/dismajo.com.co\/pollo-cerdo-res\/wp-json\/wp\/v2\/comments?post=235"}],"wp:featuredmedia":[{"embeddable":true,"href":"https:\/\/dismajo.com.co\/pollo-cerdo-res\/wp-json\/wp\/v2\/media\/1325"}],"wp:attachment":[{"href":"https:\/\/dismajo.com.co\/pollo-cerdo-res\/wp-json\/wp\/v2\/media?parent=235"}],"wp:term":[{"taxonomy":"product_brand","embeddable":true,"href":"https:\/\/dismajo.com.co\/pollo-cerdo-res\/wp-json\/wp\/v2\/product_brand?post=235"},{"taxonomy":"product_cat","embeddable":true,"href":"https:\/\/dismajo.com.co\/pollo-cerdo-res\/wp-json\/wp\/v2\/product_cat?post=235"},{"taxonomy":"product_tag","embeddable":true,"href":"https:\/\/dismajo.com.co\/pollo-cerdo-res\/wp-json\/wp\/v2\/product_tag?post=235"}],"curies":[{"name":"wp","href":"https:\/\/api.w.org\/{rel}","templated":true}]}}