{"id":2576,"date":"2023-01-19T09:33:17","date_gmt":"2023-01-19T14:33:17","guid":{"rendered":"https:\/\/dismajo.com.co\/pollo-cerdo-res\/?post_type=product&#038;p=2576"},"modified":"2026-01-13T07:04:39","modified_gmt":"2026-01-13T12:04:39","slug":"corazon-de-res-x-lb","status":"publish","type":"product","link":"https:\/\/dismajo.com.co\/pollo-cerdo-res\/producto\/corazon-de-res-x-lb\/","title":{"rendered":"CORAZON DE RES x LB"},"content":{"rendered":"<p><span style=\"font-weight: 400;\">En Dismajo la alimentaci\u00f3n de las reses son libres de hormonas, acelerantes de crecimiento, esteroides y preservantes. Son alimentados de manera natural a base de pastos naturales libres de pesticidas y qu\u00edmicos. Es por eso que encontraras el sabor \u00fanico y natural de las reses calentanas en nuestro delicioso coraz\u00f3n de res.\u00a0<\/span><\/p>\n<p>&nbsp;<\/p>\n","protected":false},"excerpt":{"rendered":"<p><span style=\"font-weight: 400;\">Precio por libra<\/span><\/p>\n<div class=\"wDYxhc NFQFxe oHglmf xzPb7d viOShc\" lang=\"es-419\" data-md=\"32\">\n<div id=\"media_result_group\" class=\"kno-mrg-si kno-mrg kno-swp\" data-hveid=\"CBEQAQ\">\n<div class=\"kno-fiu kno-liu\">\n<div data-count=\"1\" data-hveid=\"CBQQAA\">\n<div class=\"umyQi\" data-h=\"130\" data-nr=\"1\">\n<div class=\"eA0Zlc ivg-i img-kc-m PZPZlf\" data-attrid=\"image\" data-docid=\"CSqbhSAghIs3BM\" data-lpage=\"https:\/\/gastronomiaycia.republica.com\/2008\/12\/03\/cortes-de-carne-de-vacuno\/\" data-ved=\"2ahUKEwiYtZ7ntajvAhXSxFkKHSUzB6kQzkx6BAgTEAA\">\n<p>El coraz\u00f3n de res es parte de las viceras rojas, es un alimento con un muy buen valor nutricional, rico en vitaminas A, B1, B2, B5, B6, B9, B12, C; que contiene magnesio, potasio, zinc, fosforo, sodio y calcio; y que ayuda a combatir la anemia. Es ideal para prepararlo asado, en bistec, guizo o estofado.<\/p>\n<div class=\"fWhgmd\"><\/div>\n<\/div>\n<\/div>\n<\/div>\n<\/div>\n<\/div>\n<\/div>\n<p>&nbsp;<\/p>\n","protected":false},"featured_media":1146,"comment_status":"closed","ping_status":"closed","template":"","meta":{"_joinchat":[]},"product_brand":[],"product_cat":[73],"product_tag":[],"class_list":{"0":"post-2576","1":"product","2":"type-product","3":"status-publish","4":"has-post-thumbnail","6":"product_cat-carne-de-res","8":"first","9":"instock","10":"shipping-taxable","11":"purchasable","12":"product-type-simple"},"_links":{"self":[{"href":"https:\/\/dismajo.com.co\/pollo-cerdo-res\/wp-json\/wp\/v2\/product\/2576","targetHints":{"allow":["GET"]}}],"collection":[{"href":"https:\/\/dismajo.com.co\/pollo-cerdo-res\/wp-json\/wp\/v2\/product"}],"about":[{"href":"https:\/\/dismajo.com.co\/pollo-cerdo-res\/wp-json\/wp\/v2\/types\/product"}],"replies":[{"embeddable":true,"href":"https:\/\/dismajo.com.co\/pollo-cerdo-res\/wp-json\/wp\/v2\/comments?post=2576"}],"wp:featuredmedia":[{"embeddable":true,"href":"https:\/\/dismajo.com.co\/pollo-cerdo-res\/wp-json\/wp\/v2\/media\/1146"}],"wp:attachment":[{"href":"https:\/\/dismajo.com.co\/pollo-cerdo-res\/wp-json\/wp\/v2\/media?parent=2576"}],"wp:term":[{"taxonomy":"product_brand","embeddable":true,"href":"https:\/\/dismajo.com.co\/pollo-cerdo-res\/wp-json\/wp\/v2\/product_brand?post=2576"},{"taxonomy":"product_cat","embeddable":true,"href":"https:\/\/dismajo.com.co\/pollo-cerdo-res\/wp-json\/wp\/v2\/product_cat?post=2576"},{"taxonomy":"product_tag","embeddable":true,"href":"https:\/\/dismajo.com.co\/pollo-cerdo-res\/wp-json\/wp\/v2\/product_tag?post=2576"}],"curies":[{"name":"wp","href":"https:\/\/api.w.org\/{rel}","templated":true}]}}