{"id":306,"date":"2015-12-04T01:53:16","date_gmt":"2015-12-04T06:53:16","guid":{"rendered":"http:\/\/wp.nootheme.com\/organici\/dummy\/?post_type=product&#038;p=306"},"modified":"2026-04-18T16:49:55","modified_gmt":"2026-04-18T21:49:55","slug":"pierna-pernil-light-carne-de-pollo-organico","status":"publish","type":"product","link":"https:\/\/dismajo.com.co\/pollo-cerdo-res\/producto\/pierna-pernil-light-carne-de-pollo-organico\/","title":{"rendered":"PIERNA PERNIL LIGHT X 3 Uni."},"content":{"rendered":"<p>En Dismajo la alimentaci\u00f3n de las aves es de manera natural con ma\u00edz y arroz org\u00e1nico, son libres de hormonas, esteroides preservantes y sin procesos de inyecci\u00f3n, es por eso que encontraras el sabor \u00fanico y natural en nuestros deliciosos pierna perniles con piel. No manejamos stock de producto, es por eso que se beneficia la noche anterior a ser entregado en tu casa.<\/p>\n","protected":false},"excerpt":{"rendered":"<p>Precio por bandeja<\/p>\n<p>La deliciosa pierna pernil es una alta fuente de prote\u00ednas, de las partes m\u00e1s jugosas, suaves y por supuesto de excelente sabor. Vienen de a 3 unidades por bandeja sin piel.\u00a0 Son ideales para hacer con guiso, al horno, asadas o a la plancha.<\/p>\n","protected":false},"featured_media":1321,"comment_status":"closed","ping_status":"closed","template":"","meta":{"_joinchat":[]},"product_brand":[],"product_cat":[74],"product_tag":[],"class_list":{"0":"post-306","1":"product","2":"type-product","3":"status-publish","4":"has-post-thumbnail","6":"product_cat-carne-de-pollo","8":"first","9":"instock","10":"featured","11":"shipping-taxable","12":"purchasable","13":"product-type-simple"},"_links":{"self":[{"href":"https:\/\/dismajo.com.co\/pollo-cerdo-res\/wp-json\/wp\/v2\/product\/306","targetHints":{"allow":["GET"]}}],"collection":[{"href":"https:\/\/dismajo.com.co\/pollo-cerdo-res\/wp-json\/wp\/v2\/product"}],"about":[{"href":"https:\/\/dismajo.com.co\/pollo-cerdo-res\/wp-json\/wp\/v2\/types\/product"}],"replies":[{"embeddable":true,"href":"https:\/\/dismajo.com.co\/pollo-cerdo-res\/wp-json\/wp\/v2\/comments?post=306"}],"wp:featuredmedia":[{"embeddable":true,"href":"https:\/\/dismajo.com.co\/pollo-cerdo-res\/wp-json\/wp\/v2\/media\/1321"}],"wp:attachment":[{"href":"https:\/\/dismajo.com.co\/pollo-cerdo-res\/wp-json\/wp\/v2\/media?parent=306"}],"wp:term":[{"taxonomy":"product_brand","embeddable":true,"href":"https:\/\/dismajo.com.co\/pollo-cerdo-res\/wp-json\/wp\/v2\/product_brand?post=306"},{"taxonomy":"product_cat","embeddable":true,"href":"https:\/\/dismajo.com.co\/pollo-cerdo-res\/wp-json\/wp\/v2\/product_cat?post=306"},{"taxonomy":"product_tag","embeddable":true,"href":"https:\/\/dismajo.com.co\/pollo-cerdo-res\/wp-json\/wp\/v2\/product_tag?post=306"}],"curies":[{"name":"wp","href":"https:\/\/api.w.org\/{rel}","templated":true}]}}