{"id":315,"date":"2015-12-04T02:05:02","date_gmt":"2015-12-04T07:05:02","guid":{"rendered":"http:\/\/wp.nootheme.com\/organici\/dummy\/?post_type=product&#038;p=315"},"modified":"2026-01-13T07:04:16","modified_gmt":"2026-01-13T12:04:16","slug":"lomo-de-res-carne-organica","status":"publish","type":"product","link":"https:\/\/dismajo.com.co\/pollo-cerdo-res\/producto\/lomo-de-res-carne-organica\/","title":{"rendered":"LOMO DE RES SEGUN PESO (2 kL.)"},"content":{"rendered":"<p><span style=\"font-weight: 400;\">En Dismajo la alimentaci\u00f3n de las reses son libres de hormonas, acelerantes de crecimiento, esteroides y preservantes. Son alimentados de manera natural a base de pastos naturales libres de pesticidas y qu\u00edmicos. Es por eso que encontraras el sabor \u00fanico y natural de las reses calentanas en nuestro delicioso lomo de res.<\/span><\/p>\n<p>&nbsp;<\/p>\n","protected":false},"excerpt":{"rendered":"<p><span style=\"font-weight: 400;\">PRECIO POR UN LOMO DE 2 Kg APROXIMADOS<\/span><\/p>\n<p>&nbsp;<\/p>\n<p><span style=\"font-weight: 400;\">El famoso lomo es el corte m\u00e1s fino y magro de la res, de excelente sabor y textura suave. De este espectacular producto se obtiene el baby beef, filet mignon o carpaccio, tambi\u00e9n se usa en medallones, goulash o en cortes para asar. Contiene vitaminas B3, B6, B12, potasio, f\u00f3sforo, Hierro y zinc. Este producto podr\u00e1s adquirirlo entero y seg\u00fan peso (2 Kg), nuestro equipo especializado lo porcionar\u00e1 a tu gusto y lo recibir\u00e1s empacado al vac\u00edo. Es ideal para hacer en horno, asar, o saltear.\u00a0\u00a0<\/span><\/p>\n<p>&nbsp;<\/p>\n","protected":false},"featured_media":1277,"comment_status":"closed","ping_status":"closed","template":"","meta":{"_joinchat":[]},"product_brand":[],"product_cat":[73],"product_tag":[],"class_list":{"0":"post-315","1":"product","2":"type-product","3":"status-publish","4":"has-post-thumbnail","6":"product_cat-carne-de-res","8":"first","9":"instock","10":"shipping-taxable","11":"purchasable","12":"product-type-simple"},"_links":{"self":[{"href":"https:\/\/dismajo.com.co\/pollo-cerdo-res\/wp-json\/wp\/v2\/product\/315","targetHints":{"allow":["GET"]}}],"collection":[{"href":"https:\/\/dismajo.com.co\/pollo-cerdo-res\/wp-json\/wp\/v2\/product"}],"about":[{"href":"https:\/\/dismajo.com.co\/pollo-cerdo-res\/wp-json\/wp\/v2\/types\/product"}],"replies":[{"embeddable":true,"href":"https:\/\/dismajo.com.co\/pollo-cerdo-res\/wp-json\/wp\/v2\/comments?post=315"}],"wp:featuredmedia":[{"embeddable":true,"href":"https:\/\/dismajo.com.co\/pollo-cerdo-res\/wp-json\/wp\/v2\/media\/1277"}],"wp:attachment":[{"href":"https:\/\/dismajo.com.co\/pollo-cerdo-res\/wp-json\/wp\/v2\/media?parent=315"}],"wp:term":[{"taxonomy":"product_brand","embeddable":true,"href":"https:\/\/dismajo.com.co\/pollo-cerdo-res\/wp-json\/wp\/v2\/product_brand?post=315"},{"taxonomy":"product_cat","embeddable":true,"href":"https:\/\/dismajo.com.co\/pollo-cerdo-res\/wp-json\/wp\/v2\/product_cat?post=315"},{"taxonomy":"product_tag","embeddable":true,"href":"https:\/\/dismajo.com.co\/pollo-cerdo-res\/wp-json\/wp\/v2\/product_tag?post=315"}],"curies":[{"name":"wp","href":"https:\/\/api.w.org\/{rel}","templated":true}]}}