{"id":324,"date":"2015-12-04T03:19:16","date_gmt":"2015-12-04T08:19:16","guid":{"rendered":"http:\/\/wp.nootheme.com\/organici\/dummy\/?post_type=product&#038;p=324"},"modified":"2026-04-18T16:48:35","modified_gmt":"2026-04-18T21:48:35","slug":"filete-de-pernil","status":"publish","type":"product","link":"https:\/\/dismajo.com.co\/pollo-cerdo-res\/producto\/filete-de-pernil\/","title":{"rendered":"FILETE DE PERNIL X 8 Uni."},"content":{"rendered":"<p><span style=\"font-weight: 400;\">En Dismajo la alimentaci\u00f3n de las aves es de manera natural con ma\u00edz y arroz org\u00e1nico, son libres de hormonas, esteroides preservantes y sin procesos de inyecci\u00f3n, es por eso que encontraras el sabor \u00fanico y natural en nuestros deliciosos filetes de pernil. No manejamos stock de producto, es por eso que se beneficia la noche anterior a ser entregado en tu casa.<\/span><\/p>\n<p>&nbsp;<\/p>\n","protected":false},"excerpt":{"rendered":"<p><span style=\"font-weight: 400;\">Precio por libra<\/span><\/p>\n<p>&nbsp;<\/p>\n<p><span style=\"font-weight: 400;\">El delicioso filete de pernil se caracteriza por su sabor y jugosidad. Vienen de a 8 unidades por bandeja y tiene un peso aproximado de 700 gramos a 800 gramos la bandeja. Son perniles sin hueso y sin piel. Su preparaci\u00f3n puede ser a la plancha, asadas, apanadas o sudadas.\u00a0<\/span><\/p>\n","protected":false},"featured_media":1308,"comment_status":"closed","ping_status":"closed","template":"","meta":{"_joinchat":[]},"product_brand":[],"product_cat":[74],"product_tag":[],"class_list":{"0":"post-324","1":"product","2":"type-product","3":"status-publish","4":"has-post-thumbnail","6":"product_cat-carne-de-pollo","8":"first","9":"instock","10":"shipping-taxable","11":"purchasable","12":"product-type-simple"},"_links":{"self":[{"href":"https:\/\/dismajo.com.co\/pollo-cerdo-res\/wp-json\/wp\/v2\/product\/324","targetHints":{"allow":["GET"]}}],"collection":[{"href":"https:\/\/dismajo.com.co\/pollo-cerdo-res\/wp-json\/wp\/v2\/product"}],"about":[{"href":"https:\/\/dismajo.com.co\/pollo-cerdo-res\/wp-json\/wp\/v2\/types\/product"}],"replies":[{"embeddable":true,"href":"https:\/\/dismajo.com.co\/pollo-cerdo-res\/wp-json\/wp\/v2\/comments?post=324"}],"wp:featuredmedia":[{"embeddable":true,"href":"https:\/\/dismajo.com.co\/pollo-cerdo-res\/wp-json\/wp\/v2\/media\/1308"}],"wp:attachment":[{"href":"https:\/\/dismajo.com.co\/pollo-cerdo-res\/wp-json\/wp\/v2\/media?parent=324"}],"wp:term":[{"taxonomy":"product_brand","embeddable":true,"href":"https:\/\/dismajo.com.co\/pollo-cerdo-res\/wp-json\/wp\/v2\/product_brand?post=324"},{"taxonomy":"product_cat","embeddable":true,"href":"https:\/\/dismajo.com.co\/pollo-cerdo-res\/wp-json\/wp\/v2\/product_cat?post=324"},{"taxonomy":"product_tag","embeddable":true,"href":"https:\/\/dismajo.com.co\/pollo-cerdo-res\/wp-json\/wp\/v2\/product_tag?post=324"}],"curies":[{"name":"wp","href":"https:\/\/api.w.org\/{rel}","templated":true}]}}