{"id":3475,"date":"2024-07-15T16:14:20","date_gmt":"2024-07-15T21:14:20","guid":{"rendered":"https:\/\/dismajo.com.co\/pollo-cerdo-res\/?post_type=product&#038;p=3475"},"modified":"2026-01-13T07:04:39","modified_gmt":"2026-01-13T12:04:39","slug":"paletero-x-lb","status":"publish","type":"product","link":"https:\/\/dismajo.com.co\/pollo-cerdo-res\/producto\/paletero-x-lb\/","title":{"rendered":"PALETERO X Lb."},"content":{"rendered":"<p><span style=\"font-weight: 400;\">En Dismajo la alimentaci\u00f3n de las reses son libres de hormonas, acelerantes de crecimiento, esteroides y preservantes. Son alimentados de manera natural a base de pastos naturales libres de pesticidas y qu\u00edmicos. Es por eso que encontraras el sabor \u00fanico y natural de las reses calentanas en nuestro delicioso paletero de res.<\/span><\/p>\n<p>&nbsp;<\/p>\n","protected":false},"excerpt":{"rendered":"<p><span style=\"font-weight: 400;\">Precio por libra<\/span><\/p>\n<p>&nbsp;<\/p>\n<p><span style=\"font-weight: 400;\">El paletero de res es un corte con poca grasa y jugoso el cual contiene un excelente sabor y es semiblando. Contiene vitamina B6, B12, Hierro, \u00e1cido linoleico, entre otros beneficios. Puedes adquirirla a partir de una libra y nuestro equipo especializado la porcionar\u00e1 a tu gusto y lo recibir\u00e1s empacado al vac\u00edo. Es ideal para hacerlo guisado o en bistec.<\/span><\/p>\n","protected":false},"featured_media":1146,"comment_status":"closed","ping_status":"closed","template":"","meta":{"_joinchat":[]},"product_brand":[],"product_cat":[73],"product_tag":[],"class_list":{"0":"post-3475","1":"product","2":"type-product","3":"status-publish","4":"has-post-thumbnail","6":"product_cat-carne-de-res","8":"first","9":"instock","10":"shipping-taxable","11":"purchasable","12":"product-type-simple"},"_links":{"self":[{"href":"https:\/\/dismajo.com.co\/pollo-cerdo-res\/wp-json\/wp\/v2\/product\/3475","targetHints":{"allow":["GET"]}}],"collection":[{"href":"https:\/\/dismajo.com.co\/pollo-cerdo-res\/wp-json\/wp\/v2\/product"}],"about":[{"href":"https:\/\/dismajo.com.co\/pollo-cerdo-res\/wp-json\/wp\/v2\/types\/product"}],"replies":[{"embeddable":true,"href":"https:\/\/dismajo.com.co\/pollo-cerdo-res\/wp-json\/wp\/v2\/comments?post=3475"}],"wp:featuredmedia":[{"embeddable":true,"href":"https:\/\/dismajo.com.co\/pollo-cerdo-res\/wp-json\/wp\/v2\/media\/1146"}],"wp:attachment":[{"href":"https:\/\/dismajo.com.co\/pollo-cerdo-res\/wp-json\/wp\/v2\/media?parent=3475"}],"wp:term":[{"taxonomy":"product_brand","embeddable":true,"href":"https:\/\/dismajo.com.co\/pollo-cerdo-res\/wp-json\/wp\/v2\/product_brand?post=3475"},{"taxonomy":"product_cat","embeddable":true,"href":"https:\/\/dismajo.com.co\/pollo-cerdo-res\/wp-json\/wp\/v2\/product_cat?post=3475"},{"taxonomy":"product_tag","embeddable":true,"href":"https:\/\/dismajo.com.co\/pollo-cerdo-res\/wp-json\/wp\/v2\/product_tag?post=3475"}],"curies":[{"name":"wp","href":"https:\/\/api.w.org\/{rel}","templated":true}]}}