{"id":613,"date":"2015-12-08T07:34:54","date_gmt":"2015-12-08T12:34:54","guid":{"rendered":"http:\/\/wp.nootheme.com\/organici\/dummy\/product\/brilliant-eating\/"},"modified":"2026-04-18T16:47:52","modified_gmt":"2026-04-18T21:47:52","slug":"escalope-de-pechuga","status":"publish","type":"product","link":"https:\/\/dismajo.com.co\/pollo-cerdo-res\/producto\/escalope-de-pechuga\/","title":{"rendered":"ESCALOPES DE PECHUGA X 3 Uni."},"content":{"rendered":"<p><span style=\"font-weight: 400;\">En Dismajo la alimentaci\u00f3n de las aves es de manera natural con ma\u00edz y arroz org\u00e1nico, son libres de hormonas, esteroides preservantes y sin procesos de inyecci\u00f3n, es por eso que encontraras el sabor \u00fanico y natural en nuestros deliciosos escalopes de pechuga. No manejamos stock de producto, es por eso que se beneficia la noche anterior a ser entregado en tu casa.<\/span><\/p>\n","protected":false},"excerpt":{"rendered":"<p><span style=\"font-weight: 400;\">Precio por bandeja<\/span><\/p>\n<p>&nbsp;<\/p>\n<p><span style=\"font-weight: 400;\">Los escalopes de pechuga es una de las partes m\u00e1s magras del pollo y altas en contenido proteico. Vienen de a 3 unidades por bandeja y tiene un peso aproximado de 600 gramos a 700 gramos la bandeja. Son la mitad de una pechuga, vienen sin hueso y sin piel es por eso que son muy vers\u00e1tiles en su preparaci\u00f3n. Ideales para hacer a la plancha, en horno, asadas, apanadas y muchas otras opciones.\u00a0<\/span><\/p>\n","protected":false},"featured_media":1307,"comment_status":"closed","ping_status":"closed","template":"","meta":{"_joinchat":[]},"product_brand":[],"product_cat":[74],"product_tag":[],"class_list":{"0":"post-613","1":"product","2":"type-product","3":"status-publish","4":"has-post-thumbnail","6":"product_cat-carne-de-pollo","8":"first","9":"instock","10":"shipping-taxable","11":"purchasable","12":"product-type-simple"},"_links":{"self":[{"href":"https:\/\/dismajo.com.co\/pollo-cerdo-res\/wp-json\/wp\/v2\/product\/613","targetHints":{"allow":["GET"]}}],"collection":[{"href":"https:\/\/dismajo.com.co\/pollo-cerdo-res\/wp-json\/wp\/v2\/product"}],"about":[{"href":"https:\/\/dismajo.com.co\/pollo-cerdo-res\/wp-json\/wp\/v2\/types\/product"}],"replies":[{"embeddable":true,"href":"https:\/\/dismajo.com.co\/pollo-cerdo-res\/wp-json\/wp\/v2\/comments?post=613"}],"wp:featuredmedia":[{"embeddable":true,"href":"https:\/\/dismajo.com.co\/pollo-cerdo-res\/wp-json\/wp\/v2\/media\/1307"}],"wp:attachment":[{"href":"https:\/\/dismajo.com.co\/pollo-cerdo-res\/wp-json\/wp\/v2\/media?parent=613"}],"wp:term":[{"taxonomy":"product_brand","embeddable":true,"href":"https:\/\/dismajo.com.co\/pollo-cerdo-res\/wp-json\/wp\/v2\/product_brand?post=613"},{"taxonomy":"product_cat","embeddable":true,"href":"https:\/\/dismajo.com.co\/pollo-cerdo-res\/wp-json\/wp\/v2\/product_cat?post=613"},{"taxonomy":"product_tag","embeddable":true,"href":"https:\/\/dismajo.com.co\/pollo-cerdo-res\/wp-json\/wp\/v2\/product_tag?post=613"}],"curies":[{"name":"wp","href":"https:\/\/api.w.org\/{rel}","templated":true}]}}